{"id":85,"date":"2023-07-08T23:10:14","date_gmt":"2023-07-08T21:10:14","guid":{"rendered":"https:\/\/kesternich-eifel.de\/dgh\/?page_id=85"},"modified":"2023-08-26T23:32:29","modified_gmt":"2023-08-26T21:32:29","slug":"infos-innenbereich","status":"publish","type":"page","link":"https:\/\/kesternich-eifel.de\/dgh\/infos-innenbereich\/","title":{"rendered":"Infos Innenbereich"},"content":{"rendered":"\n<ul>\n<li>ca. 220 m\u00b2 Fl\u00e4che (11 x 19m) <\/li>\n\n\n\n<li>zus\u00e4tzlicher Nebenbereich f\u00fcr Buffet sowie f\u00fcr DJ oder Cocktailbar<\/li>\n\n\n\n<li>f\u00fcr kleinere Veranstaltung kann der Raum mit einem Vorhang auf 2\/3 verkleinert werden<\/li>\n\n\n\n<li>Sitzpl\u00e4tze<\/li>\n\n\n\n<li>ca. 200 Personen bei normaler Bestuhlung<\/li>\n\n\n\n<li>max. 120 Personen bei gro\u00dfen, runden Tischen (z. B. bei Hochzeiten)<\/li>\n\n\n\n<li>ca. 270 Personen bei Bestuhlung ohne Tische und mit entsprechender B\u00fchne<\/li>\n<\/ul>\n","protected":false},"excerpt":{"rendered":"","protected":false},"author":14,"featured_media":34,"parent":0,"menu_order":1,"comment_status":"closed","ping_status":"closed","template":"page-templates\/template-team.php","meta":{"footnotes":""},"_links":{"self":[{"href":"https:\/\/kesternich-eifel.de\/dgh\/wp-json\/wp\/v2\/pages\/85"}],"collection":[{"href":"https:\/\/kesternich-eifel.de\/dgh\/wp-json\/wp\/v2\/pages"}],"about":[{"href":"https:\/\/kesternich-eifel.de\/dgh\/wp-json\/wp\/v2\/types\/page"}],"author":[{"embeddable":true,"href":"https:\/\/kesternich-eifel.de\/dgh\/wp-json\/wp\/v2\/users\/14"}],"replies":[{"embeddable":true,"href":"https:\/\/kesternich-eifel.de\/dgh\/wp-json\/wp\/v2\/comments?post=85"}],"version-history":[{"count":1,"href":"https:\/\/kesternich-eifel.de\/dgh\/wp-json\/wp\/v2\/pages\/85\/revisions"}],"predecessor-version":[{"id":86,"href":"https:\/\/kesternich-eifel.de\/dgh\/wp-json\/wp\/v2\/pages\/85\/revisions\/86"}],"wp:featuredmedia":[{"embeddable":true,"href":"https:\/\/kesternich-eifel.de\/dgh\/wp-json\/wp\/v2\/media\/34"}],"wp:attachment":[{"href":"https:\/\/kesternich-eifel.de\/dgh\/wp-json\/wp\/v2\/media?parent=85"}],"curies":[{"name":"wp","href":"https:\/\/api.w.org\/{rel}","templated":true}]}}